{"id":889,"date":"2025-10-23T21:04:09","date_gmt":"2025-10-23T21:04:09","guid":{"rendered":"https:\/\/allproworks.be\/services\/"},"modified":"2025-10-27T21:40:02","modified_gmt":"2025-10-27T21:40:02","slug":"services-de-travaux-publics","status":"publish","type":"page","link":"https:\/\/allproworks.be\/nl\/services-de-travaux-publics\/","title":{"rendered":"Nos services de travaux publics en Belgique"},"content":{"rendered":"<div class=\"wp-block-uagb-container uagb-block-e01ccadd alignfull uagb-is-root-container\"><div class=\"uagb-container-inner-blocks-wrap\">\n<div class=\"wp-block-uagb-info-box uagb-block-92c28af4 uagb-infobox__content-wrap  uagb-infobox-icon-above-title uagb-infobox-image-valign-top\"><div class=\"uagb-ifb-content\"><div class=\"uagb-ifb-title-wrap\"><h1 class=\"uagb-ifb-title\">Onze diensten<\/h1><\/div><p class=\"uagb-ifb-desc\">Wij zorgen voor nauwkeurig en betrouwbaar werk bij de voorbereiding en inrichting van uw terrein.<br>Elke bouwplaats wordt onderzocht om veiligheid, duurzaamheid en naleving van de normen te garanderen.<br>Ons ervaren team gebruikt professionele apparatuur voor een optimaal resultaat en staat klaar om uw projecten te realiseren.<\/p><\/div><\/div>\n<\/div><\/div>\n\n\n\n<div class=\"wp-block-uagb-container uagb-block-a3f65969 alignfull uagb-is-root-container\"><div class=\"uagb-container-inner-blocks-wrap\">\n<p><\/p>\n\n\n\n<div class=\"wp-block-uagb-advanced-heading uagb-block-f0aac2f8\"><h5 class=\"uagb-heading-text\">Bij <strong>All Proworks op te richten.<\/strong>stellen wij onze expertise ten dienste van uw buitenprojecten. Dankzij meer dan 15 jaar ervaring voeren wij nauwkeurige, duurzame openbare werken uit die voldoen aan de strengste normen.<br><\/h5><\/div>\n<\/div><\/div>\n\n\n\n<div data-aos= \"flip-down\" data-aos-duration=\"400\" data-aos-delay=\"0\" data-aos-easing=\"ease\" data-aos-once=\"true\" class=\"wp-block-uagb-container uagb-block-bf71c7ad alignfull uagb-is-root-container\"><div class=\"uagb-container-inner-blocks-wrap\">\n<div class=\"wp-block-uagb-container uagb-block-298ccaf0 alignfull uagb-is-root-container\"><div class=\"uagb-container-inner-blocks-wrap\">\n<div class=\"wp-block-uagb-container uagb-block-fdc58c94\">\n<div class=\"wp-block-uagb-info-box uagb-block-a3cee411 uagb-infobox__content-wrap  uagb-infobox-icon-above-title uagb-infobox-image-valign-top\"><div class=\"uagb-ifb-content\"><div class=\"uagb-ifb-icon-wrap\"><svg xmlns=\"https:\/\/www.w3.org\/2000\/svg\" viewbox=\"0 0 512 512\"><path d=\"M177.9 494.1C159.2 512.8 128.8 512.8 110.1 494.1L17.94 401.9C-.8054 383.2-.8054 352.8 17.94 334.1L68.69 283.3L116.7 331.3C122.9 337.6 133.1 337.6 139.3 331.3C145.6 325.1 145.6 314.9 139.3 308.7L91.31 260.7L132.7 219.3L180.7 267.3C186.9 273.6 197.1 273.6 203.3 267.3C209.6 261.1 209.6 250.9 203.3 244.7L155.3 196.7L196.7 155.3L244.7 203.3C250.9 209.6 261.1 209.6 267.3 203.3C273.6 197.1 273.6 186.9 267.3 180.7L219.3 132.7L260.7 91.31L308.7 139.3C314.9 145.6 325.1 145.6 331.3 139.3C337.6 133.1 337.6 122.9 331.3 116.7L283.3 68.69L334.1 17.94C352.8-.8055 383.2-.8055 401.9 17.94L494.1 110.1C512.8 128.8 512.8 159.2 494.1 177.9L177.9 494.1z\"><\/path><\/svg><\/div><div class=\"uagb-ifb-title-wrap\"><h6 class=\"uagb-ifb-title\"><strong>Grondwerk en egalisatie<\/strong><\/h6><\/div><p class=\"uagb-ifb-desc\">Voorbereiding en egalisatie van het terrein voor alle soorten bouwprojecten.<br><br><a href=\"https:\/\/allproworks.be\/nl\/terrassement-et-nivellement\/\" title=\"\">Meer informatie <\/a><\/p><\/div><\/div>\n<\/div>\n\n\n\n<div class=\"wp-block-uagb-container uagb-block-29795e3a\">\n<div class=\"wp-block-uagb-info-box uagb-block-5366840f uagb-infobox__content-wrap  uagb-infobox-icon-above-title uagb-infobox-image-valign-top\"><div class=\"uagb-ifb-content\"><div class=\"uagb-ifb-icon-wrap\"><svg xmlns=\"https:\/\/www.w3.org\/2000\/svg\" viewbox=\"0 0 576 512\"><path d=\"M549.8 237.5c-31.23-5.719-46.84-20.06-47.13-20.31C490.4 205 470.3 205.1 457.7 216.8c-1 .9375-25.14 23-73.73 23s-72.73-22.06-73.38-22.62C298.4 204.9 278.3 205.1 265.7 216.8c-1 .9375-25.14 23-73.73 23S119.3 217.8 118.6 217.2C106.4 204.9 86.35 205 73.74 216.9C73.09 217.4 57.48 231.8 26.24 237.5c-17.38 3.188-28.89 19.84-25.72 37.22c3.188 17.38 19.78 29.09 37.25 25.72C63.1 295.8 82.49 287.1 95.96 279.2c19.5 11.53 51.47 24.68 96.04 24.68c44.55 0 76.49-13.12 96-24.65c19.52 11.53 51.45 24.59 96 24.59c44.58 0 76.55-13.09 96.05-24.62c13.47 7.938 32.86 16.62 58.19 21.25c17.56 3.375 34.06-8.344 37.25-25.72C578.7 257.4 567.2 240.7 549.8 237.5zM549.8 381.7c-31.23-5.719-46.84-20.06-47.13-20.31c-12.22-12.19-32.31-12.12-44.91-.375C456.7 361.9 432.6 384 384 384s-72.73-22.06-73.38-22.62c-12.22-12.25-32.3-12.12-44.89-.375C264.7 361.9 240.6 384 192 384s-72.73-22.06-73.38-22.62c-12.22-12.25-32.28-12.16-44.89-.3438c-.6562 .5938-16.27 14.94-47.5 20.66c-17.38 3.188-28.89 19.84-25.72 37.22C3.713 436.3 20.31 448 37.78 444.6C63.1 440 82.49 431.3 95.96 423.4c19.5 11.53 51.51 24.62 96.08 24.62c44.55 0 76.45-13.06 95.96-24.59C307.5 434.9 339.5 448 384.1 448c44.58 0 76.5-13.09 95.1-24.62c13.47 7.938 32.86 16.62 58.19 21.25C555.8 448 572.3 436.3 575.5 418.9C578.7 401.5 567.2 384.9 549.8 381.7zM37.78 156.4c25.33-4.625 44.72-13.31 58.19-21.25c19.5 11.53 51.47 24.68 96.04 24.68c44.55 0 76.49-13.12 96-24.65c19.52 11.53 51.45 24.59 96 24.59c44.58 0 76.55-13.09 96.05-24.62c13.47 7.938 32.86 16.62 58.19 21.25c17.56 3.375 34.06-8.344 37.25-25.72c3.172-17.38-8.344-34.03-25.72-37.22c-31.23-5.719-46.84-20.06-47.13-20.31c-12.22-12.19-32.31-12.12-44.91-.375c-1 .9375-25.14 23-73.73 23s-72.73-22.06-73.38-22.62c-12.22-12.25-32.3-12.12-44.89-.375c-1 .9375-25.14 23-73.73 23S119.3 73.76 118.6 73.2C106.4 60.95 86.35 61.04 73.74 72.85C73.09 73.45 57.48 87.79 26.24 93.51c-17.38 3.188-28.89 19.84-25.72 37.22C3.713 148.1 20.31 159.8 37.78 156.4z\"><\/path><\/svg><\/div><div class=\"uagb-ifb-title-wrap\"><h6 class=\"uagb-ifb-title\">Sleuven en netwerken<\/h6><\/div><p class=\"uagb-ifb-desc\">Graven en leggen van leidingen voor elektriciteit, water, gas en telecommunicatie.<br><br> <a href=\"https:\/\/allproworks.be\/nl\/tranchees-et-reseaux\/\" data-type=\"page\" data-id=\"2424\">Meer informatie<\/a><\/p><\/div><\/div>\n<\/div>\n\n\n\n<div class=\"wp-block-uagb-container uagb-block-7aecfe14\">\n<div class=\"wp-block-uagb-info-box uagb-block-97dac78f uagb-infobox__content-wrap  uagb-infobox-icon-above-title uagb-infobox-image-valign-top\"><div class=\"uagb-ifb-content\"><div class=\"uagb-ifb-icon-wrap\"><svg xmlns=\"https:\/\/www.w3.org\/2000\/svg\" viewbox=\"0 0 384 512\"><path d=\"M240.5 224H352C365.3 224 377.3 232.3 381.1 244.7C386.6 257.2 383.1 271.3 373.1 280.1L117.1 504.1C105.8 513.9 89.27 514.7 77.19 505.9C65.1 497.1 60.7 481.1 66.59 467.4L143.5 288H31.1C18.67 288 6.733 279.7 2.044 267.3C-2.645 254.8 .8944 240.7 10.93 231.9L266.9 7.918C278.2-1.92 294.7-2.669 306.8 6.114C318.9 14.9 323.3 30.87 317.4 44.61L240.5 224z\"><\/path><\/svg><\/div><div class=\"uagb-ifb-title-wrap\"><h6 class=\"uagb-ifb-title\">Rioleringswerken<\/h6><\/div><p class=\"uagb-ifb-desc\">Installatie en onderhoud van waterafvoer- en drainagesystemen.<br><br> <a href=\"https:\/\/allproworks.be\/nl\/assainissement\/\" data-type=\"page\" data-id=\"2427\">Meer informatie<\/a><\/p><\/div><\/div>\n<\/div>\n\n\n\n<div class=\"wp-block-uagb-container uagb-block-745d855d\">\n<div class=\"wp-block-uagb-info-box uagb-block-e12ae3e5 uagb-infobox__content-wrap  uagb-infobox-icon-above-title uagb-infobox-image-valign-top\"><div class=\"uagb-ifb-content\"><div class=\"uagb-ifb-icon-wrap\"><svg xmlns=\"https:\/\/www.w3.org\/2000\/svg\" viewbox=\"0 0 448 512\"><path d=\"M192 64C192 46.33 206.3 32 224 32H288C305.7 32 320 46.33 320 64V128C320 145.7 305.7 160 288 160H224C206.3 160 192 145.7 192 128V64zM138.1 174.1C153.4 166.1 172.1 171.4 181.8 186.7L213.8 242.1C222.6 257.4 217.4 276.1 202.1 285.8L146.7 317.8C131.4 326.6 111.8 321.4 102.1 306.1L70.96 250.7C62.12 235.4 67.37 215.8 82.67 206.1L138.1 174.1zM352 192C369.7 192 384 206.3 384 224V288C384 305.7 369.7 320 352 320H288C270.3 320 256 305.7 256 288V224C256 206.3 270.3 192 288 192H352zM416 352C433.7 352 448 366.3 448 384V448C448 465.7 433.7 480 416 480H352C334.3 480 320 465.7 320 448V384C320 366.3 334.3 352 352 352H416zM160 384C160 366.3 174.3 352 192 352H256C273.7 352 288 366.3 288 384V448C288 465.7 273.7 480 256 480H192C174.3 480 160 465.7 160 448V384zM96 352C113.7 352 128 366.3 128 384V448C128 465.7 113.7 480 96 480H32C14.33 480 0 465.7 0 448V384C0 366.3 14.33 352 32 352H96z\"><\/path><\/svg><\/div><div class=\"uagb-ifb-title-wrap\"><h6 class=\"uagb-ifb-title\">Wegenbouw<\/h6><\/div><p class=\"uagb-ifb-desc\">Aanleg van wegen, paden, trottoirs en parkeerplaatsen, met garantie op stevigheid en duurzaamheid.<br><br><a href=\"https:\/\/allproworks.be\/nl\/voirie\/\" data-type=\"page\" data-id=\"2431\">Meer informatie<\/a><\/p><\/div><\/div>\n<\/div>\n\n\n\n<div class=\"wp-block-uagb-container uagb-block-f84611ae\">\n<div class=\"wp-block-uagb-info-box uagb-block-26f632ee uagb-infobox__content-wrap  uagb-infobox-icon-above-title uagb-infobox-image-valign-top\"><div class=\"uagb-ifb-content\"><div class=\"uagb-ifb-icon-wrap\"><svg xmlns=\"https:\/\/www.w3.org\/2000\/svg\" viewbox=\"0 0 640 512\"><path d=\"M96.2 200.1C96.07 197.4 96 194.7 96 192C96 103.6 167.6 32 256 32C315.3 32 367 64.25 394.7 112.2C409.9 101.1 428.3 96 448 96C501 96 544 138.1 544 192C544 204.2 541.7 215.8 537.6 226.6C596 238.4 640 290.1 640 352C640 422.7 582.7 480 512 480H144C64.47 480 0 415.5 0 336C0 273.2 40.17 219.8 96.2 200.1z\"><\/path><\/svg><\/div><div class=\"uagb-ifb-title-wrap\"><h6 class=\"uagb-ifb-title\">Bestrating<\/h6><\/div><p class=\"uagb-ifb-desc\">Reparatie, renovatie en herstel van bestaande wegdekken, opritten en trottoirs.<br><br><a href=\"https:\/\/allproworks.be\/nl\/service-de-pavage-en-belgique\/\" data-type=\"page\" data-id=\"2434\">Meer informatie <\/a><\/p><\/div><\/div>\n<\/div>\n<\/div><\/div>\n<\/div><\/div>\n\n\n\n<div class=\"wp-block-uagb-container uagb-block-7c6c70fa alignfull uagb-is-root-container\">\n<div class=\"wp-block-uagb-container uagb-block-955ce554\"><\/div>\n\n\n\n<div data-aos= \"flip-down\" data-aos-duration=\"400\" data-aos-delay=\"0\" data-aos-easing=\"ease\" data-aos-once=\"true\" class=\"wp-block-uagb-container uagb-block-7fdb5a42\">\n<div class=\"wp-block-uagb-info-box uagb-block-0d58403c uagb-infobox__content-wrap  uagb-infobox-icon-above-title uagb-infobox-image-valign-top wp-block-uagb-info-box--has-margin\"><div class=\"uagb-infobox-margin-wrapper\"><div class=\"uagb-ifb-content\"><div class=\"uagb-ifb-title-wrap\"><h6 class=\"uagb-ifb-title-prefix\">Heeft u ons nodig?<\/h6><h4 class=\"uagb-ifb-title\"><strong>Vraag uw offerte aan voor uw werken <\/strong>publiek<\/h4><\/div><p class=\"uagb-ifb-desc\">Ons team stelt zijn expertise ten dienste van uw projecten. <br>Wij bestuderen elke aanvraag zorgvuldig om u een passende, betrouwbare en normconforme oplossing te kunnen bieden.<br>Vraag nu uw gratis offerte aan en profiteer van een snelle interventie overal in Belgi\u00eb.<br><br><\/p><div class=\"uagb-ifb-button-wrapper wp-block-button\"><a href=\"https:\/\/allproworks.be\/nl\/devis\/\" class=\"uagb-infobox-cta-link wp-block-button__link\" target=\"_self\" rel=\"noopener noreferrer\" onclick=\"return true;\"><span class=\"uagb-inline-editing\">Offerte aanvragen<\/span><\/a><\/div><\/div><\/div><\/div>\n<\/div>\n<\/div>\n\n\n\n<p><\/p>","protected":false},"excerpt":{"rendered":"<p>Chez All Proworks, nous mettons notre expertise au service de vos projets ext\u00e9rieurs. Gr\u00e2ce \u00e0 plus de 15 ans d\u2019exp\u00e9rience, nous r\u00e9alisons des travaux publics pr\u00e9cis, durables et conformes aux normes les plus strictes.<\/p>","protected":false},"author":1,"featured_media":0,"parent":0,"menu_order":0,"comment_status":"closed","ping_status":"closed","template":"","meta":{"_uag_custom_page_level_css":"","site-sidebar-layout":"no-sidebar","site-content-layout":"plain-container","ast-site-content-layout":"normal-width-container","site-content-style":"unboxed","site-sidebar-style":"unboxed","ast-global-header-display":"","ast-banner-title-visibility":"","ast-main-header-display":"","ast-hfb-above-header-display":"","ast-hfb-below-header-display":"","ast-hfb-mobile-header-display":"","site-post-title":"disabled","ast-breadcrumbs-content":"","ast-featured-img":"disabled","footer-sml-layout":"","theme-transparent-header-meta":"enabled","adv-header-id-meta":"","stick-header-meta":"","header-above-stick-meta":"","header-main-stick-meta":"","header-below-stick-meta":"","astra-migrate-meta-layouts":"set","ast-page-background-enabled":"default","ast-page-background-meta":{"desktop":{"background-color":"","background-image":"","background-repeat":"repeat","background-position":"center center","background-size":"auto","background-attachment":"scroll","background-type":"","background-media":"","overlay-type":"","overlay-color":"","overlay-opacity":"","overlay-gradient":""},"tablet":{"background-color":"","background-image":"","background-repeat":"repeat","background-position":"center center","background-size":"auto","background-attachment":"scroll","background-type":"","background-media":"","overlay-type":"","overlay-color":"","overlay-opacity":"","overlay-gradient":""},"mobile":{"background-color":"","background-image":"","background-repeat":"repeat","background-position":"center center","background-size":"auto","background-attachment":"scroll","background-type":"","background-media":"","overlay-type":"","overlay-color":"","overlay-opacity":"","overlay-gradient":""}},"ast-content-background-meta":{"desktop":{"background-color":"var(--ast-global-color-5)","background-image":"","background-repeat":"repeat","background-position":"center center","background-size":"auto","background-attachment":"scroll","background-type":"","background-media":"","overlay-type":"","overlay-color":"","overlay-opacity":"","overlay-gradient":""},"tablet":{"background-color":"var(--ast-global-color-5)","background-image":"","background-repeat":"repeat","background-position":"center center","background-size":"auto","background-attachment":"scroll","background-type":"","background-media":"","overlay-type":"","overlay-color":"","overlay-opacity":"","overlay-gradient":""},"mobile":{"background-color":"var(--ast-global-color-5)","background-image":"","background-repeat":"repeat","background-position":"center center","background-size":"auto","background-attachment":"scroll","background-type":"","background-media":"","overlay-type":"","overlay-color":"","overlay-opacity":"","overlay-gradient":""}},"footnotes":""},"class_list":["post-889","page","type-page","status-publish","hentry"],"_hostinger_reach_plugin_has_subscription_block":false,"_hostinger_reach_plugin_is_elementor":false,"uagb_featured_image_src":{"full":false,"thumbnail":false,"medium":false,"medium_large":false,"large":false,"1536x1536":false,"2048x2048":false,"trp-custom-language-flag":false},"uagb_author_info":{"display_name":"Tsnm23","author_link":"https:\/\/allproworks.be\/nl\/author\/boualkmatasnimgmail-com\/"},"uagb_comment_info":0,"uagb_excerpt":"Chez All Proworks, nous mettons notre expertise au service de vos projets ext\u00e9rieurs. Gr\u00e2ce \u00e0 plus de 15 ans d\u2019exp\u00e9rience, nous r\u00e9alisons des travaux publics pr\u00e9cis, durables et conformes aux normes les plus strictes.","_links":{"self":[{"href":"https:\/\/allproworks.be\/nl\/wp-json\/wp\/v2\/pages\/889","targetHints":{"allow":["GET"]}}],"collection":[{"href":"https:\/\/allproworks.be\/nl\/wp-json\/wp\/v2\/pages"}],"about":[{"href":"https:\/\/allproworks.be\/nl\/wp-json\/wp\/v2\/types\/page"}],"author":[{"embeddable":true,"href":"https:\/\/allproworks.be\/nl\/wp-json\/wp\/v2\/users\/1"}],"replies":[{"embeddable":true,"href":"https:\/\/allproworks.be\/nl\/wp-json\/wp\/v2\/comments?post=889"}],"version-history":[{"count":38,"href":"https:\/\/allproworks.be\/nl\/wp-json\/wp\/v2\/pages\/889\/revisions"}],"predecessor-version":[{"id":2683,"href":"https:\/\/allproworks.be\/nl\/wp-json\/wp\/v2\/pages\/889\/revisions\/2683"}],"wp:attachment":[{"href":"https:\/\/allproworks.be\/nl\/wp-json\/wp\/v2\/media?parent=889"}],"curies":[{"name":"wp","href":"https:\/\/api.w.org\/{rel}","templated":true}]}}