{"id":887,"date":"2025-10-23T21:04:09","date_gmt":"2025-10-23T21:04:09","guid":{"rendered":"https:\/\/allproworks.be\/about\/"},"modified":"2025-10-26T15:41:06","modified_gmt":"2025-10-26T15:41:06","slug":"entreprise-de-construction-en-belgique","status":"publish","type":"page","link":"https:\/\/allproworks.be\/nl\/entreprise-de-construction-en-belgique\/","title":{"rendered":"Bouwbedrijf in Belgi\u00eb \u2013 All Pro Works"},"content":{"rendered":"<div class=\"wp-block-uagb-container uagb-block-688aeef7 alignfull uagb-is-root-container\"><div class=\"uagb-container-inner-blocks-wrap\">\n<div class=\"wp-block-uagb-advanced-heading uagb-block-977bfcb9\"><h1 class=\"uagb-heading-text\">Wie zijn wij ?<\/h1><\/div>\n\n\n\n<div class=\"wp-block-uagb-separator uagb-block-c191aa9f\"><div class=\"wp-block-uagb-separator__inner\" style=\"--my-background-image:\"><\/div><\/div>\n<\/div><\/div>\n\n\n\n<div data-aos= \"flip-down\" data-aos-duration=\"400\" data-aos-delay=\"0\" data-aos-easing=\"ease\" data-aos-once=\"true\" class=\"wp-block-uagb-container uagb-layout-grid uagb-block-6a9cf75c alignfull uagb-is-root-container\"><div class=\"uagb-container-inner-blocks-wrap\">\n<div class=\"wp-block-uagb-info-box uagb-block-47046608 uagb-infobox__content-wrap  uagb-infobox-icon-above-title uagb-infobox-image-valign-top wp-block-uagb-info-box--has-margin\"><div class=\"uagb-infobox-margin-wrapper\"><div class=\"uagb-ifb-content\"><div class=\"uagb-ifb-image-content\"><img decoding=\"async\" src=\"https:\/\/allproworks.be\/wp-content\/uploads\/2025\/10\/werk6.webp\" alt=\"werk6\" width=\"1173\" height=\"628\" loading=\"lazy\" title=\"Bouwbedrijf in Belgi\u00eb \u2013 All Pro Works\"><\/div><div class=\"uagb-ifb-title-wrap\"><h4 class=\"uagb-ifb-title\">Meer dan 250 klanten vertrouwen op ons<br><\/h4><\/div><\/div><\/div><\/div>\n\n\n\n<div class=\"wp-block-uagb-image uagb-block-35eea1d8 wp-block-uagb-image--layout-default wp-block-uagb-image--effect-static wp-block-uagb-image--align-none\"><figure class=\"wp-block-uagb-image__figure\"><img decoding=\"async\" srcset=\"https:\/\/allproworks.be\/wp-content\/uploads\/2025\/10\/WhatsApp-Image-2025-10-24-at-18.42.21.webp ,https:\/\/allproworks.be\/wp-content\/uploads\/2025\/10\/WhatsApp-Image-2025-10-24-at-18.42.21.webp 780w, https:\/\/allproworks.be\/wp-content\/uploads\/2025\/10\/WhatsApp-Image-2025-10-24-at-18.42.21.webp 360w\" sizes=\"auto, (max-width: 480px) 150px\" src=\"https:\/\/allproworks.be\/wp-content\/uploads\/2025\/10\/WhatsApp-Image-2025-10-24-at-18.42.21.webp\" alt=\"whatsapp image 2025 10 24 at 18.42.21\" class=\"uag-image-2205\" width=\"380\" height=\"569\" title=\"whatsapp image 2025 10 24 at 18.42.21\" loading=\"lazy\" role=\"img\"\/><\/figure><\/div>\n\n\n\n<div class=\"wp-block-uagb-info-box uagb-block-1a55cd45 uagb-infobox__content-wrap  uagb-infobox-icon-above-title uagb-infobox-image-valign-top\"><div class=\"uagb-ifb-content\"><div class=\"uagb-ifb-image-content\"><img decoding=\"async\" src=\"https:\/\/allproworks.be\/wp-content\/uploads\/2025\/10\/werk11.webp\" alt=\"werk11\" width=\"1290\" height=\"946\" loading=\"lazy\" title=\"Bouwbedrijf in Belgi\u00eb \u2013 All Pro Works\"><\/div><div class=\"uagb-ifb-title-wrap\"><\/div><p class=\"uagb-ifb-desc\">All Proworks is ontstaan uit een echte passie voor goed werk.<br>Als vader van twee kinderen en met meer dan 15 jaar ervaring op het gebied van wegenbouw en netwerken wilde de oprichter zijn knowhow ten dienste stellen van zijn klanten.<br>In 2023 besluit hij, gesteund door zijn vrouw <strong>All Proworks op te richten.<\/strong>, een familiebedrijf in de bouwsector dat professionaliteit, nabijheid en kwaliteit combineert.<br><\/p><\/div><\/div>\n<\/div><\/div>\n\n\n\n<div class=\"wp-block-uagb-container uagb-block-7417dd45 alignfull uagb-is-root-container\"><div class=\"uagb-container-inner-blocks-wrap\">\n<h4 class=\"wp-block-heading has-text-align-center has-ast-global-color-4-color has-text-color has-link-color wp-elements-fbe647c6e98d5877024721ca95137ade\">Elk project wordt nauwgezet uitgevoerd, met inachtneming van de deadlines en normen, om duurzame en verzorgde resultaten te garanderen.<\/h4>\n<\/div><\/div>\n\n\n\n<div class=\"wp-block-uagb-container uagb-block-a36b4997 alignfull uagb-is-root-container\"><div class=\"uagb-container-inner-blocks-wrap\">\n<div class=\"wp-block-uagb-container uagb-block-46f6a52e\">\n<div class=\"wp-block-uagb-image uagb-block-c780752e wp-block-uagb-image--layout-default wp-block-uagb-image--effect-static wp-block-uagb-image--align-none\"><figure class=\"wp-block-uagb-image__figure\"><img decoding=\"async\" srcset=\"https:\/\/allproworks.be\/wp-content\/uploads\/2025\/10\/maxresdefault-1-1024x576.jpg ,https:\/\/allproworks.be\/wp-content\/uploads\/2025\/10\/maxresdefault-1.jpg 780w, https:\/\/allproworks.be\/wp-content\/uploads\/2025\/10\/maxresdefault-1.jpg 360w\" sizes=\"auto, (max-width: 480px) 150px\" src=\"https:\/\/allproworks.be\/wp-content\/uploads\/2025\/10\/maxresdefault-1-1024x576.jpg\" alt=\"maxresdefault\" class=\"uag-image-2377\" width=\"1024\" height=\"576\" title=\"maxresdefault\" loading=\"lazy\" role=\"img\"\/><\/figure><\/div>\n\n\n\n<div class=\"wp-block-uagb-container uagb-block-2001236e\">\n<div class=\"wp-block-uagb-info-box uagb-block-6223b447 uagb-infobox__content-wrap  uagb-infobox-icon-above-title uagb-infobox-image-valign-top\"><div class=\"uagb-ifb-content\"><div class=\"uagb-ifb-title-wrap\"><h3 class=\"uagb-ifb-title\">+15<\/h3><\/div><p class=\"uagb-ifb-desc\">jaar ervaring<\/p><\/div><\/div>\n<\/div>\n<\/div>\n\n\n\n<div data-aos= \"flip-down\" data-aos-duration=\"400\" data-aos-delay=\"0\" data-aos-easing=\"ease\" data-aos-once=\"true\" class=\"wp-block-uagb-container uagb-block-f6349c8a\">\n<div class=\"wp-block-uagb-info-box uagb-block-3ff4c772 uagb-infobox__content-wrap  uagb-infobox-icon-above-title uagb-infobox-image-valign-top\"><div class=\"uagb-ifb-content\"><div class=\"uagb-ifb-title-wrap\"><h6 class=\"uagb-ifb-title-prefix\">Waarom voor ons kiezen?<\/h6><h4 class=\"uagb-ifb-title\"><strong><strong>Bij All Proworks wordt elk project effici\u00ebnt uitgevoerd.<\/strong><\/strong><\/h4><\/div><p class=\"uagb-ifb-desc\">Bij All Proworks maken we er een erezaak van om elk project nauwkeurig en binnen de gestelde termijn uit te voeren. Dankzij onze knowhow en onze organisatie garanderen we een snelle uitvoering zonder ooit in te boeten aan kwaliteit.<\/p><\/div><\/div>\n\n\n\n<div class=\"wp-block-uagb-icon-list uagb-block-e2dec7f8\"><div class=\"uagb-icon-list__wrap\">\n<div class=\"wp-block-uagb-icon-list-child uagb-block-5ed62c7e\"><a target=\"_self\" aria-label=\"Erkende expertise in buitenwerken\" rel=\"noopener noreferrer\" href=\"#\"> <\/a><span class=\"uagb-icon-list__source-wrap\"><svg xmlns=\"https:\/\/www.w3.org\/2000\/svg\" viewbox=\"0 0 512 512\"><path d=\"M0 256C0 114.6 114.6 0 256 0C397.4 0 512 114.6 512 256C512 397.4 397.4 512 256 512C114.6 512 0 397.4 0 256zM371.8 211.8C382.7 200.9 382.7 183.1 371.8 172.2C360.9 161.3 343.1 161.3 332.2 172.2L224 280.4L179.8 236.2C168.9 225.3 151.1 225.3 140.2 236.2C129.3 247.1 129.3 264.9 140.2 275.8L204.2 339.8C215.1 350.7 232.9 350.7 243.8 339.8L371.8 211.8z\"><\/path><\/svg><\/span><span class=\"uagb-icon-list__label\"><strong><strong>Erkende expertise in buitenwerken<\/strong><\/strong><\/span><\/div>\n\n\n\n<div class=\"wp-block-uagb-icon-list-child uagb-block-6ddb17b1\"><a target=\"_self\" aria-label=\"Bescherming en respect voor de bouwplaats gegarandeerd\" rel=\"noopener noreferrer\" href=\"#\"> <\/a><span class=\"uagb-icon-list__source-wrap\"><svg xmlns=\"https:\/\/www.w3.org\/2000\/svg\" viewbox=\"0 0 512 512\"><path d=\"M0 256C0 114.6 114.6 0 256 0C397.4 0 512 114.6 512 256C512 397.4 397.4 512 256 512C114.6 512 0 397.4 0 256zM371.8 211.8C382.7 200.9 382.7 183.1 371.8 172.2C360.9 161.3 343.1 161.3 332.2 172.2L224 280.4L179.8 236.2C168.9 225.3 151.1 225.3 140.2 236.2C129.3 247.1 129.3 264.9 140.2 275.8L204.2 339.8C215.1 350.7 232.9 350.7 243.8 339.8L371.8 211.8z\"><\/path><\/svg><\/span><span class=\"uagb-icon-list__label\"><strong><strong>Bescherming en respect voor de bouwplaats gegarandeerd<\/strong><\/strong><\/span><\/div>\n\n\n\n<div class=\"wp-block-uagb-icon-list-child uagb-block-daf586bb\"><a target=\"_self\" aria-label=\"Transparante en vaste tarieven\" rel=\"noopener noreferrer\" href=\"#\"> <\/a><span class=\"uagb-icon-list__source-wrap\"><svg xmlns=\"https:\/\/www.w3.org\/2000\/svg\" viewbox=\"0 0 512 512\"><path d=\"M0 256C0 114.6 114.6 0 256 0C397.4 0 512 114.6 512 256C512 397.4 397.4 512 256 512C114.6 512 0 397.4 0 256zM371.8 211.8C382.7 200.9 382.7 183.1 371.8 172.2C360.9 161.3 343.1 161.3 332.2 172.2L224 280.4L179.8 236.2C168.9 225.3 151.1 225.3 140.2 236.2C129.3 247.1 129.3 264.9 140.2 275.8L204.2 339.8C215.1 350.7 232.9 350.7 243.8 339.8L371.8 211.8z\"><\/path><\/svg><\/span><span class=\"uagb-icon-list__label\"><strong><strong>Transparante en vaste tarieven<\/strong><\/strong><\/span><\/div>\n\n\n\n<div class=\"wp-block-uagb-icon-list-child uagb-block-32fdc0db\"><a target=\"_self\" aria-label=\"Duidelijke communicatie bij elke stap\" rel=\"noopener noreferrer\" href=\"#\"> <\/a><span class=\"uagb-icon-list__source-wrap\"><svg xmlns=\"https:\/\/www.w3.org\/2000\/svg\" viewbox=\"0 0 512 512\"><path d=\"M0 256C0 114.6 114.6 0 256 0C397.4 0 512 114.6 512 256C512 397.4 397.4 512 256 512C114.6 512 0 397.4 0 256zM371.8 211.8C382.7 200.9 382.7 183.1 371.8 172.2C360.9 161.3 343.1 161.3 332.2 172.2L224 280.4L179.8 236.2C168.9 225.3 151.1 225.3 140.2 236.2C129.3 247.1 129.3 264.9 140.2 275.8L204.2 339.8C215.1 350.7 232.9 350.7 243.8 339.8L371.8 211.8z\"><\/path><\/svg><\/span><span class=\"uagb-icon-list__label\"><strong>Duidelijke communicatie bij elke stap<\/strong><\/span><\/div>\n\n\n\n<div class=\"wp-block-uagb-icon-list-child uagb-block-b43e1b2a\"><a target=\"_self\" aria-label=\"98% tevreden klanten\" rel=\"noopener noreferrer\" href=\"#\"> <\/a><span class=\"uagb-icon-list__source-wrap\"><svg xmlns=\"https:\/\/www.w3.org\/2000\/svg\" viewbox=\"0 0 512 512\"><path d=\"M0 256C0 114.6 114.6 0 256 0C397.4 0 512 114.6 512 256C512 397.4 397.4 512 256 512C114.6 512 0 397.4 0 256zM371.8 211.8C382.7 200.9 382.7 183.1 371.8 172.2C360.9 161.3 343.1 161.3 332.2 172.2L224 280.4L179.8 236.2C168.9 225.3 151.1 225.3 140.2 236.2C129.3 247.1 129.3 264.9 140.2 275.8L204.2 339.8C215.1 350.7 232.9 350.7 243.8 339.8L371.8 211.8z\"><\/path><\/svg><\/span><span class=\"uagb-icon-list__label\"><strong>98% tevreden klanten<\/strong><\/span><\/div>\n\n\n\n<div class=\"wp-block-uagb-icon-list-child uagb-block-1a629061\"><a target=\"_self\" aria-label=\"Naleving van de geldende normen en voorschriften\" rel=\"noopener noreferrer\" href=\"#\"> <\/a><span class=\"uagb-icon-list__source-wrap\"><svg xmlns=\"https:\/\/www.w3.org\/2000\/svg\" viewbox=\"0 0 512 512\"><path d=\"M0 256C0 114.6 114.6 0 256 0C397.4 0 512 114.6 512 256C512 397.4 397.4 512 256 512C114.6 512 0 397.4 0 256zM371.8 211.8C382.7 200.9 382.7 183.1 371.8 172.2C360.9 161.3 343.1 161.3 332.2 172.2L224 280.4L179.8 236.2C168.9 225.3 151.1 225.3 140.2 236.2C129.3 247.1 129.3 264.9 140.2 275.8L204.2 339.8C215.1 350.7 232.9 350.7 243.8 339.8L371.8 211.8z\"><\/path><\/svg><\/span><span class=\"uagb-icon-list__label\"><strong>Naleving van de geldende normen en voorschriften<\/strong><\/span><\/div>\n<\/div><\/div>\n\n\n\n<div class=\"wp-block-uagb-buttons uagb-buttons__outer-wrap uagb-btn__default-btn uagb-btn-tablet__default-btn uagb-btn-mobile__default-btn uagb-block-779a5a3b\"><div class=\"uagb-buttons__wrap uagb-buttons-layout-wrap\">\n<div class=\"wp-block-uagb-buttons-child uagb-buttons__outer-wrap uagb-block-8970c329 wp-block-button\"><div class=\"uagb-button__wrapper\"><a class=\"uagb-buttons-repeater wp-block-button__link\" aria-label=\"\" href=\"https:\/\/allproworks.be\/nl\/devis\/\" rel=\"follow noopener\" target=\"_self\" role=\"button\"><div class=\"uagb-button__link\">Offerte aanvragen<\/div><\/a><\/div><\/div>\n<\/div><\/div>\n<\/div>\n<\/div><\/div>\n\n\n\n<p><\/p>","protected":false},"excerpt":{"rendered":"<p>Qui sommes nous ? Chaque projet est men\u00e9 avec rigueur, dans le respect des d\u00e9lais et des normes, pour garantir des r\u00e9sultats durables et soign\u00e9s.<\/p>","protected":false},"author":1,"featured_media":0,"parent":0,"menu_order":0,"comment_status":"closed","ping_status":"closed","template":"","meta":{"_uag_custom_page_level_css":"","site-sidebar-layout":"no-sidebar","site-content-layout":"plain-container","ast-site-content-layout":"normal-width-container","site-content-style":"unboxed","site-sidebar-style":"unboxed","ast-global-header-display":"","ast-banner-title-visibility":"","ast-main-header-display":"","ast-hfb-above-header-display":"","ast-hfb-below-header-display":"","ast-hfb-mobile-header-display":"","site-post-title":"disabled","ast-breadcrumbs-content":"","ast-featured-img":"disabled","footer-sml-layout":"","theme-transparent-header-meta":"enabled","adv-header-id-meta":"","stick-header-meta":"","header-above-stick-meta":"","header-main-stick-meta":"","header-below-stick-meta":"","astra-migrate-meta-layouts":"set","ast-page-background-enabled":"default","ast-page-background-meta":{"desktop":{"background-color":"","background-image":"","background-repeat":"repeat","background-position":"center center","background-size":"auto","background-attachment":"scroll","background-type":"","background-media":"","overlay-type":"","overlay-color":"","overlay-opacity":"","overlay-gradient":""},"tablet":{"background-color":"","background-image":"","background-repeat":"repeat","background-position":"center center","background-size":"auto","background-attachment":"scroll","background-type":"","background-media":"","overlay-type":"","overlay-color":"","overlay-opacity":"","overlay-gradient":""},"mobile":{"background-color":"","background-image":"","background-repeat":"repeat","background-position":"center center","background-size":"auto","background-attachment":"scroll","background-type":"","background-media":"","overlay-type":"","overlay-color":"","overlay-opacity":"","overlay-gradient":""}},"ast-content-background-meta":{"desktop":{"background-color":"var(--ast-global-color-5)","background-image":"","background-repeat":"repeat","background-position":"center center","background-size":"auto","background-attachment":"scroll","background-type":"","background-media":"","overlay-type":"","overlay-color":"","overlay-opacity":"","overlay-gradient":""},"tablet":{"background-color":"var(--ast-global-color-5)","background-image":"","background-repeat":"repeat","background-position":"center center","background-size":"auto","background-attachment":"scroll","background-type":"","background-media":"","overlay-type":"","overlay-color":"","overlay-opacity":"","overlay-gradient":""},"mobile":{"background-color":"var(--ast-global-color-5)","background-image":"","background-repeat":"repeat","background-position":"center center","background-size":"auto","background-attachment":"scroll","background-type":"","background-media":"","overlay-type":"","overlay-color":"","overlay-opacity":"","overlay-gradient":""}},"footnotes":""},"class_list":["post-887","page","type-page","status-publish","hentry"],"_hostinger_reach_plugin_has_subscription_block":false,"_hostinger_reach_plugin_is_elementor":false,"uagb_featured_image_src":{"full":false,"thumbnail":false,"medium":false,"medium_large":false,"large":false,"1536x1536":false,"2048x2048":false,"trp-custom-language-flag":false},"uagb_author_info":{"display_name":"Tsnm23","author_link":"https:\/\/allproworks.be\/nl\/author\/boualkmatasnimgmail-com\/"},"uagb_comment_info":0,"uagb_excerpt":"Qui sommes nous ? Chaque projet est men\u00e9 avec rigueur, dans le respect des d\u00e9lais et des normes, pour garantir des r\u00e9sultats durables et soign\u00e9s.","_links":{"self":[{"href":"https:\/\/allproworks.be\/nl\/wp-json\/wp\/v2\/pages\/887","targetHints":{"allow":["GET"]}}],"collection":[{"href":"https:\/\/allproworks.be\/nl\/wp-json\/wp\/v2\/pages"}],"about":[{"href":"https:\/\/allproworks.be\/nl\/wp-json\/wp\/v2\/types\/page"}],"author":[{"embeddable":true,"href":"https:\/\/allproworks.be\/nl\/wp-json\/wp\/v2\/users\/1"}],"replies":[{"embeddable":true,"href":"https:\/\/allproworks.be\/nl\/wp-json\/wp\/v2\/comments?post=887"}],"version-history":[{"count":12,"href":"https:\/\/allproworks.be\/nl\/wp-json\/wp\/v2\/pages\/887\/revisions"}],"predecessor-version":[{"id":2612,"href":"https:\/\/allproworks.be\/nl\/wp-json\/wp\/v2\/pages\/887\/revisions\/2612"}],"wp:attachment":[{"href":"https:\/\/allproworks.be\/nl\/wp-json\/wp\/v2\/media?parent=887"}],"curies":[{"name":"wp","href":"https:\/\/api.w.org\/{rel}","templated":true}]}}