{"id":3,"date":"2025-10-23T20:12:21","date_gmt":"2025-10-23T20:12:21","guid":{"rendered":"https:\/\/allproworks.be\/?page_id=3"},"modified":"2025-10-26T00:43:02","modified_gmt":"2025-10-26T00:43:02","slug":"politique-de-confidentialite","status":"publish","type":"page","link":"https:\/\/allproworks.be\/nl\/politique-de-confidentialite\/","title":{"rendered":"Privacybeleid"},"content":{"rendered":"<h2 class=\"wp-block-heading\"><strong>Politique de confidentialit\u00e9 \u2013 All Pro Works (SRL)<\/strong><\/h2>\n\n\n\n<p><strong>Adresse du site :<\/strong> <a href=\"https:\/\/allproworks.be\/nl\/\">https:\/\/allproworks.be<\/a><br><strong>Soci\u00e9t\u00e9 :<\/strong> All Pro Works (SRL)<br><strong>Adresse :<\/strong> Excelsiorlaan 73, 1930 Zaventem, Belgique<br><strong>Email :<\/strong> <a>Allproworks84@gmail.com<\/a><br><strong>T\u00e9l\u00e9phone :<\/strong> 0483711734<br><strong>Responsable technique :<\/strong> Tsnm23<\/p>\n\n\n\n<hr class=\"wp-block-separator has-alpha-channel-opacity\"\/>\n\n\n\n<h3 class=\"wp-block-heading\"><strong>Qui nous sommes<\/strong><\/h3>\n\n\n\n<p>All Pro Works (SRL) est sp\u00e9cialis\u00e9e dans les travaux de voirie, terrassement, pavage et assainissement en Belgique. Nous nous engageons \u00e0 prot\u00e9ger vos donn\u00e9es personnelles et \u00e0 respecter la r\u00e9glementation en vigueur (RGPD).<\/p>\n\n\n\n<hr class=\"wp-block-separator has-alpha-channel-opacity\"\/>\n\n\n\n<h3 class=\"wp-block-heading\"><strong>Formulaires de contact<\/strong><\/h3>\n\n\n\n<p>Lorsque vous remplissez un formulaire de contact sur notre site, les informations que vous fournissez sont transf\u00e9r\u00e9es via <strong>Brevo<\/strong> vers notre adresse email pour nous permettre de r\u00e9pondre \u00e0 votre demande.<\/p>\n\n\n\n<p>Les donn\u00e9es collect\u00e9es sont <strong>conserv\u00e9es pendant 6 mois<\/strong>, uniquement dans le but de traiter votre demande. Apr\u00e8s ce d\u00e9lai, elles sont supprim\u00e9es.<\/p>\n\n\n\n<hr class=\"wp-block-separator has-alpha-channel-opacity\"\/>\n\n\n\n<h3 class=\"wp-block-heading\"><strong>Cookies<\/strong><\/h3>\n\n\n\n<p>Notre site utilise des cookies pour :<\/p>\n\n\n\n<ul class=\"wp-block-list\">\n<li>Garantir le bon fonctionnement du site.<\/li>\n\n\n\n<li>Analyser le trafic et les pages les plus visit\u00e9es afin d\u2019am\u00e9liorer l\u2019exp\u00e9rience utilisateur.<\/li>\n<\/ul>\n\n\n\n<p>Aucune donn\u00e9e collect\u00e9e via ces cookies n\u2019est utilis\u00e9e \u00e0 des fins publicitaires par des tiers.<\/p>\n\n\n\n<hr class=\"wp-block-separator has-alpha-channel-opacity\"\/>\n\n\n\n<h3 class=\"wp-block-heading\"><strong>Contenu int\u00e9gr\u00e9<\/strong><\/h3>\n\n\n\n<p>Aucun contenu externe (vid\u00e9os, cartes, articles) n\u2019est int\u00e9gr\u00e9 sur le site pour collecter vos donn\u00e9es.<\/p>\n\n\n\n<hr class=\"wp-block-separator has-alpha-channel-opacity\"\/>\n\n\n\n<h3 class=\"wp-block-heading\"><strong>Partage de vos donn\u00e9es<\/strong><\/h3>\n\n\n\n<ul class=\"wp-block-list\">\n<li>Les donn\u00e9es des formulaires de contact sont uniquement utilis\u00e9es en interne pour r\u00e9pondre \u00e0 votre demande.<\/li>\n\n\n\n<li>Aucune donn\u00e9e n\u2019est partag\u00e9e avec d\u2019autres prestataires ou services tiers, sauf avec <strong>Brevo<\/strong> pour la gestion des formulaires.<\/li>\n<\/ul>\n\n\n\n<hr class=\"wp-block-separator has-alpha-channel-opacity\"\/>\n\n\n\n<h3 class=\"wp-block-heading\"><strong>Dur\u00e9e de conservation des donn\u00e9es<\/strong><\/h3>\n\n\n\n<ul class=\"wp-block-list\">\n<li>Les informations collect\u00e9es via les formulaires sont conserv\u00e9es <strong>6 mois<\/strong> \u00e0 compter de la r\u00e9ception, uniquement pour traiter la demande.<\/li>\n\n\n\n<li>Apr\u00e8s ce d\u00e9lai, toutes les donn\u00e9es sont supprim\u00e9es.<\/li>\n<\/ul>\n\n\n\n<hr class=\"wp-block-separator has-alpha-channel-opacity\"\/>\n\n\n\n<h3 class=\"wp-block-heading\"><strong>Vos droits<\/strong><\/h3>\n\n\n\n<p>Vous disposez du droit :<\/p>\n\n\n\n<ul class=\"wp-block-list\">\n<li>De demander l\u2019acc\u00e8s aux donn\u00e9es vous concernant.<\/li>\n\n\n\n<li>De demander la rectification ou l\u2019effacement de vos donn\u00e9es.<\/li>\n\n\n\n<li>De limiter le traitement de vos donn\u00e9es ou de vous opposer \u00e0 celui-ci.<\/li>\n<\/ul>\n\n\n\n<p>Pour exercer ces droits, contactez-nous via l\u2019email indiqu\u00e9 ci-dessus.<\/p>\n\n\n\n<hr class=\"wp-block-separator has-alpha-channel-opacity\"\/>\n\n\n\n<h3 class=\"wp-block-heading\"><strong>Responsable technique<\/strong><\/h3>\n\n\n\n<p>Toutes les questions concernant la protection des donn\u00e9es sur ce site peuvent \u00eatre adress\u00e9es \u00e0 <strong>Tsnm23<\/strong>, responsable technique d\u2019All Pro Works.<\/p>\n\n\n\n<hr class=\"wp-block-separator has-alpha-channel-opacity\"\/>\n\n\n\n<h3 class=\"wp-block-heading\"><strong>S\u00e9curit\u00e9<\/strong><\/h3>\n\n\n\n<p>Nous mettons en place toutes les mesures techniques et organisationnelles n\u00e9cessaires pour prot\u00e9ger vos donn\u00e9es contre toute perte, utilisation abusive, acc\u00e8s non autoris\u00e9 ou divulgation.<\/p>","protected":false},"excerpt":{"rendered":"<p>Politique de confidentialit\u00e9 \u2013 All Pro Works (SRL) Adresse du site : https:\/\/allproworks.beSoci\u00e9t\u00e9 : All Pro Works (SRL)Adresse : Excelsiorlaan 73, 1930 Zaventem, BelgiqueEmail : Allproworks84@gmail.comT\u00e9l\u00e9phone : 0483711734Responsable technique : Tsnm23 Qui nous sommes All Pro Works (SRL) est sp\u00e9cialis\u00e9e dans les travaux de voirie, terrassement, pavage et assainissement en Belgique. Nous nous engageons \u00e0 [&hellip;]<\/p>","protected":false},"author":1,"featured_media":0,"parent":0,"menu_order":0,"comment_status":"closed","ping_status":"closed","template":"","meta":{"_uag_custom_page_level_css":"","site-sidebar-layout":"default","site-content-layout":"","ast-site-content-layout":"default","site-content-style":"default","site-sidebar-style":"default","ast-global-header-display":"","ast-banner-title-visibility":"","ast-main-header-display":"","ast-hfb-above-header-display":"","ast-hfb-below-header-display":"","ast-hfb-mobile-header-display":"","site-post-title":"","ast-breadcrumbs-content":"","ast-featured-img":"","footer-sml-layout":"","theme-transparent-header-meta":"","adv-header-id-meta":"","stick-header-meta":"","header-above-stick-meta":"","header-main-stick-meta":"","header-below-stick-meta":"","astra-migrate-meta-layouts":"set","ast-page-background-enabled":"default","ast-page-background-meta":{"desktop":{"background-color":"","background-image":"","background-repeat":"repeat","background-position":"center center","background-size":"auto","background-attachment":"scroll","background-type":"","background-media":"","overlay-type":"","overlay-color":"","overlay-opacity":"","overlay-gradient":""},"tablet":{"background-color":"","background-image":"","background-repeat":"repeat","background-position":"center center","background-size":"auto","background-attachment":"scroll","background-type":"","background-media":"","overlay-type":"","overlay-color":"","overlay-opacity":"","overlay-gradient":""},"mobile":{"background-color":"","background-image":"","background-repeat":"repeat","background-position":"center center","background-size":"auto","background-attachment":"scroll","background-type":"","background-media":"","overlay-type":"","overlay-color":"","overlay-opacity":"","overlay-gradient":""}},"ast-content-background-meta":{"desktop":{"background-color":"var(--ast-global-color-5)","background-image":"","background-repeat":"repeat","background-position":"center center","background-size":"auto","background-attachment":"scroll","background-type":"","background-media":"","overlay-type":"","overlay-color":"","overlay-opacity":"","overlay-gradient":""},"tablet":{"background-color":"var(--ast-global-color-5)","background-image":"","background-repeat":"repeat","background-position":"center center","background-size":"auto","background-attachment":"scroll","background-type":"","background-media":"","overlay-type":"","overlay-color":"","overlay-opacity":"","overlay-gradient":""},"mobile":{"background-color":"var(--ast-global-color-5)","background-image":"","background-repeat":"repeat","background-position":"center center","background-size":"auto","background-attachment":"scroll","background-type":"","background-media":"","overlay-type":"","overlay-color":"","overlay-opacity":"","overlay-gradient":""}},"footnotes":""},"class_list":["post-3","page","type-page","status-publish","hentry"],"_hostinger_reach_plugin_has_subscription_block":false,"_hostinger_reach_plugin_is_elementor":false,"uagb_featured_image_src":{"full":false,"thumbnail":false,"medium":false,"medium_large":false,"large":false,"1536x1536":false,"2048x2048":false,"trp-custom-language-flag":false},"uagb_author_info":{"display_name":"Tsnm23","author_link":"https:\/\/allproworks.be\/nl\/author\/boualkmatasnimgmail-com\/"},"uagb_comment_info":0,"uagb_excerpt":"Politique de confidentialit\u00e9 \u2013 All Pro Works (SRL) Adresse du site : https:\/\/allproworks.beSoci\u00e9t\u00e9 : All Pro Works (SRL)Adresse : Excelsiorlaan 73, 1930 Zaventem, BelgiqueEmail : Allproworks84@gmail.comT\u00e9l\u00e9phone : 0483711734Responsable technique : Tsnm23 Qui nous sommes All Pro Works (SRL) est sp\u00e9cialis\u00e9e dans les travaux de voirie, terrassement, pavage et assainissement en Belgique. Nous nous engageons \u00e0&hellip;","_links":{"self":[{"href":"https:\/\/allproworks.be\/nl\/wp-json\/wp\/v2\/pages\/3","targetHints":{"allow":["GET"]}}],"collection":[{"href":"https:\/\/allproworks.be\/nl\/wp-json\/wp\/v2\/pages"}],"about":[{"href":"https:\/\/allproworks.be\/nl\/wp-json\/wp\/v2\/types\/page"}],"author":[{"embeddable":true,"href":"https:\/\/allproworks.be\/nl\/wp-json\/wp\/v2\/users\/1"}],"replies":[{"embeddable":true,"href":"https:\/\/allproworks.be\/nl\/wp-json\/wp\/v2\/comments?post=3"}],"version-history":[{"count":1,"href":"https:\/\/allproworks.be\/nl\/wp-json\/wp\/v2\/pages\/3\/revisions"}],"predecessor-version":[{"id":2480,"href":"https:\/\/allproworks.be\/nl\/wp-json\/wp\/v2\/pages\/3\/revisions\/2480"}],"wp:attachment":[{"href":"https:\/\/allproworks.be\/nl\/wp-json\/wp\/v2\/media?parent=3"}],"curies":[{"name":"wp","href":"https:\/\/api.w.org\/{rel}","templated":true}]}}