{"id":2427,"date":"2025-10-25T20:01:33","date_gmt":"2025-10-25T20:01:33","guid":{"rendered":"https:\/\/allproworks.be\/?page_id=2427"},"modified":"2025-10-30T23:19:47","modified_gmt":"2025-10-30T23:19:47","slug":"assainissement","status":"publish","type":"page","link":"https:\/\/allproworks.be\/nl\/assainissement\/","title":{"rendered":"Assainissement et drainage en Belgique \u2013 Installation fiable et durable"},"content":{"rendered":"<div class=\"wp-block-uagb-container uagb-block-e01ccadd alignfull uagb-is-root-container\"><div class=\"uagb-container-inner-blocks-wrap\">\n<div class=\"wp-block-uagb-info-box uagb-block-92c28af4 uagb-infobox__content-wrap  uagb-infobox-icon-above-title uagb-infobox-image-valign-top\"><div class=\"uagb-ifb-content\"><div class=\"uagb-ifb-title-wrap\"><h1 class=\"uagb-ifb-title\">Rioleringsdienst<strong>.<\/strong><\/h1><\/div><p class=\"uagb-ifb-desc\"><strong>Installatie en onderhoud van afvoersystemen in Belgi\u00eb<\/strong><\/p><\/div><\/div>\n<\/div><\/div>\n\n\n\n<div class=\"wp-block-uagb-container uagb-block-58f896d9 alignfull uagb-is-root-container\">\n<div class=\"wp-block-columns is-layout-flex wp-container-core-columns-is-layout-28f84493 wp-block-columns-is-layout-flex\">\n<div class=\"wp-block-column is-layout-flow wp-block-column-is-layout-flow\"><\/div>\n<\/div>\n\n\n\n<div class=\"wp-block-uagb-container uagb-block-af9f1ddd\">\n<div class=\"wp-block-uagb-container uagb-block-b0084281\">\n<div class=\"wp-block-uagb-container uagb-block-fc8f5b33\"><\/div>\n<\/div>\n<\/div>\n<\/div>\n\n\n\n<div class=\"wp-block-uagb-container uagb-block-b8876bf9 alignfull uagb-is-root-container\"><div class=\"uagb-container-inner-blocks-wrap\">\n<div class=\"wp-block-uagb-container uagb-block-51a989dd alignfull uagb-is-root-container\"><div class=\"uagb-container-inner-blocks-wrap\">\n<div class=\"wp-block-uagb-container uagb-block-2f9ada12\">\n<div class=\"wp-block-uagb-info-box uagb-block-21179112 uagb-infobox__content-wrap  uagb-infobox-icon-above-title uagb-infobox-image-valign-top\"><div class=\"uagb-ifb-content\"><div class=\"uagb-ifb-icon-wrap\"><svg xmlns=\"https:\/\/www.w3.org\/2000\/svg\" viewbox=\"0 0 512 512\"><path d=\"M502.6 182.6l-45.25-45.25C451.4 131.4 443.3 128 434.8 128H384V80C384 53.5 362.5 32 336 32h-160C149.5 32 128 53.5 128 80V128H77.25c-8.5 0-16.62 3.375-22.62 9.375L9.375 182.6C3.375 188.6 0 196.8 0 205.3V304h128v-32C128 263.1 135.1 256 144 256h32C184.9 256 192 263.1 192 272v32h128v-32C320 263.1 327.1 256 336 256h32C376.9 256 384 263.1 384 272v32h128V205.3C512 196.8 508.6 188.6 502.6 182.6zM336 128h-160V80h160V128zM384 368c0 8.875-7.125 16-16 16h-32c-8.875 0-16-7.125-16-16v-32H192v32C192 376.9 184.9 384 176 384h-32C135.1 384 128 376.9 128 368v-32H0V448c0 17.62 14.38 32 32 32h448c17.62 0 32-14.38 32-32v-112h-128V368z\"><\/path><\/svg><\/div><div class=\"uagb-ifb-title-wrap\"><h6 class=\"uagb-ifb-title\"><strong>Technische expertise<\/strong><\/h6><\/div><p class=\"uagb-ifb-desc\">Onze teams gebruiken professioneel materiaal om een effici\u00ebnte afwatering en duurzame installaties te garanderen.<br><\/p><\/div><\/div>\n<\/div>\n\n\n\n<div class=\"wp-block-uagb-container uagb-block-51f7e024\">\n<div class=\"wp-block-uagb-info-box uagb-block-2a98b4e7 uagb-infobox__content-wrap  uagb-infobox-icon-above-title uagb-infobox-image-valign-top\"><div class=\"uagb-ifb-content\"><div class=\"uagb-ifb-icon-wrap\"><svg xmlns=\"https:\/\/www.w3.org\/2000\/svg\" viewbox=\"0 0 640 512\"><path d=\"M112 0C85.49 0 64 21.49 64 48V96H16C7.163 96 0 103.2 0 112C0 120.8 7.163 128 16 128H272C280.8 128 288 135.2 288 144C288 152.8 280.8 160 272 160H48C39.16 160 32 167.2 32 176C32 184.8 39.16 192 48 192H240C248.8 192 256 199.2 256 208C256 216.8 248.8 224 240 224H16C7.163 224 0 231.2 0 240C0 248.8 7.163 256 16 256H208C216.8 256 224 263.2 224 272C224 280.8 216.8 288 208 288H64V416C64 469 106.1 512 160 512C213 512 256 469 256 416H384C384 469 426.1 512 480 512C533 512 576 469 576 416H608C625.7 416 640 401.7 640 384C640 366.3 625.7 352 608 352V237.3C608 220.3 601.3 204 589.3 192L512 114.7C499.1 102.7 483.7 96 466.7 96H416V48C416 21.49 394.5 0 368 0H112zM544 237.3V256H416V160H466.7L544 237.3zM160 464C133.5 464 112 442.5 112 416C112 389.5 133.5 368 160 368C186.5 368 208 389.5 208 416C208 442.5 186.5 464 160 464zM528 416C528 442.5 506.5 464 480 464C453.5 464 432 442.5 432 416C432 389.5 453.5 368 480 368C506.5 368 528 389.5 528 416z\"><\/path><\/svg><\/div><div class=\"uagb-ifb-title-wrap\"><h6 class=\"uagb-ifb-title\"><strong><strong>Snelle interventies<\/strong><\/strong><\/h6><\/div><p class=\"uagb-ifb-desc\">Wij komen snel in actie bij elk afvoerprobleem en beperken zo de overlast voor uw bouwplaats of eigendom tot een minimum.<br><\/p><\/div><\/div>\n<\/div>\n\n\n\n<div class=\"wp-block-uagb-container uagb-block-4ed95087\">\n<div class=\"wp-block-uagb-info-box uagb-block-22c4462b uagb-infobox__content-wrap  uagb-infobox-icon-above-title uagb-infobox-image-valign-top\"><div class=\"uagb-ifb-content\"><div class=\"uagb-ifb-icon-wrap\"><svg xmlns=\"https:\/\/www.w3.org\/2000\/svg\" viewbox=\"0 0 384 512\"><path d=\"M336 64h-53.88C268.9 26.8 233.7 0 192 0S115.1 26.8 101.9 64H48C21.5 64 0 85.48 0 112v352C0 490.5 21.5 512 48 512h288c26.5 0 48-21.48 48-48v-352C384 85.48 362.5 64 336 64zM192 64c17.67 0 32 14.33 32 32s-14.33 32-32 32S160 113.7 160 96S174.3 64 192 64zM282.9 262.8l-88 112c-4.047 5.156-10.02 8.438-16.53 9.062C177.6 383.1 176.8 384 176 384c-5.703 0-11.25-2.031-15.62-5.781l-56-48c-10.06-8.625-11.22-23.78-2.594-33.84c8.609-10.06 23.77-11.22 33.84-2.594l36.98 31.69l72.52-92.28c8.188-10.44 23.3-12.22 33.7-4.062C289.3 237.3 291.1 252.4 282.9 262.8z\"><\/path><\/svg><\/div><div class=\"uagb-ifb-title-wrap\"><h6 class=\"uagb-ifb-title\"><strong>Betrouwbare resultaten<\/strong><\/h6><\/div><p class=\"uagb-ifb-desc\">Elk project wordt uitgevoerd volgens de Belgische normen, om veiligheid, conformiteit en gemoedsrust te garanderen.<\/p><\/div><\/div>\n<\/div>\n<\/div><\/div>\n<\/div><\/div>\n\n\n\n<div data-aos= \"flip-down\" data-aos-duration=\"400\" data-aos-delay=\"0\" data-aos-easing=\"ease\" data-aos-once=\"true\" class=\"wp-block-uagb-container uagb-block-a11946f7 alignfull uagb-is-root-container\"><div class=\"uagb-container-inner-blocks-wrap\">\n<div class=\"wp-block-uagb-container uagb-block-f7bb54e7\">\n<div class=\"wp-block-uagb-info-box uagb-block-1b0a1e2e uagb-infobox__content-wrap  uagb-infobox-icon-above-title uagb-infobox-image-valign-top wp-block-uagb-info-box--has-margin\"><div class=\"uagb-infobox-margin-wrapper\"><div class=\"uagb-ifb-content\"><div class=\"uagb-ifb-title-wrap\"><h4 class=\"uagb-ifb-title\"><strong>Expert in sanering en drainage in Belgi\u00eb<\/strong><br><\/h4><\/div><p class=\"uagb-ifb-desc\">All ProWorks garandeert<strong>de installatie en het onderhoud van afvoersystemen en drainage<\/strong> voor particulieren en professionals.<br>Wij analyseren elk terrein om oplossingen voor te stellen. <strong>op maat gemaakt en duurzaam<\/strong>. Ons team maakt gebruik van <strong>professionele apparatuur<\/strong>, met inachtneming van de Belgische normen om te garanderen <strong>veiligheid en betrouwbaarheid<\/strong>.<\/p><\/div><\/div><\/div>\n<\/div>\n\n\n\n<div class=\"wp-block-uagb-container uagb-block-b324654b\">\n<div class=\"wp-block-uagb-container uagb-block-e25279db\">\n<div class=\"wp-block-uagb-info-box uagb-block-16f4c2d4 uagb-infobox__content-wrap  uagb-infobox-icon-above-title uagb-infobox-image-valign-top wp-block-uagb-info-box--has-margin\"><div class=\"uagb-infobox-margin-wrapper\"><div class=\"uagb-ifb-content\"><div class=\"uagb-ifb-icon-wrap\"><svg xmlns=\"https:\/\/www.w3.org\/2000\/svg\" viewbox=\"0 0 192 512\"><path d=\"M64 448C64 465.7 49.67 480 32 480C14.33 480 0 465.7 0 448V64C0 46.33 14.33 32 32 32C49.67 32 64 46.33 64 64V448zM192 448C192 465.7 177.7 480 160 480C142.3 480 128 465.7 128 448V64C128 46.33 142.3 32 160 32C177.7 32 192 46.33 192 64V448z\"><\/path><\/svg><\/div><div class=\"uagb-ifb-title-wrap\"><\/div><p class=\"uagb-ifb-desc\">Installatie van uw afwateringssystemen op maat.<\/p><\/div><\/div><\/div>\n<\/div>\n\n\n\n<div class=\"wp-block-uagb-container uagb-block-89f5533b\">\n<div class=\"wp-block-uagb-info-box uagb-block-568f0317 uagb-infobox__content-wrap  uagb-infobox-icon-above-title uagb-infobox-image-valign-top\"><div class=\"uagb-ifb-content\"><div class=\"uagb-ifb-icon-wrap\"><svg xmlns=\"https:\/\/www.w3.org\/2000\/svg\" viewbox=\"0 0 512 512\"><path d=\"M331.8 224.1c28.29 0 54.88 10.99 74.86 30.97l19.59 19.59c40.01-17.74 71.25-53.3 81.62-96.65c5.725-23.92 5.34-47.08 .2148-68.4c-2.613-10.88-16.43-14.51-24.34-6.604l-68.9 68.9h-75.6V97.2l68.9-68.9c7.912-7.912 4.275-21.73-6.604-24.34c-21.32-5.125-44.48-5.51-68.4 .2148c-55.3 13.23-98.39 60.22-107.2 116.4C224.5 128.9 224.2 137 224.3 145l82.78 82.86C315.2 225.1 323.5 224.1 331.8 224.1zM384 278.6c-23.16-23.16-57.57-27.57-85.39-13.9L191.1 158L191.1 95.99l-127.1-95.99L0 63.1l96 127.1l62.04 .0077l106.7 106.6c-13.67 27.82-9.251 62.23 13.91 85.39l117 117.1c14.62 14.5 38.21 14.5 52.71-.0016l52.75-52.75c14.5-14.5 14.5-38.08-.0016-52.71L384 278.6zM227.9 307L168.7 247.9l-148.9 148.9c-26.37 26.37-26.37 69.08 0 95.45C32.96 505.4 50.21 512 67.5 512s34.54-6.592 47.72-19.78l119.1-119.1C225.5 352.3 222.6 329.4 227.9 307zM64 472c-13.25 0-24-10.75-24-24c0-13.26 10.75-24 24-24S88 434.7 88 448C88 461.3 77.25 472 64 472z\"><\/path><\/svg><\/div><div class=\"uagb-ifb-title-wrap\"><\/div><p class=\"uagb-ifb-desc\">Snel en betrouwbaar onderhoud voor duurzame installaties.<\/p><\/div><\/div>\n<\/div>\n<\/div>\n<\/div><\/div>\n\n\n\n<div class=\"wp-block-uagb-container uagb-block-78bddaad alignfull uagb-is-root-container\"><div class=\"uagb-container-inner-blocks-wrap\">\n<div class=\"wp-block-uagb-container uagb-block-c0b7739d\">\n<div class=\"wp-block-columns has-ast-global-color-5-background-color has-background is-layout-flex wp-container-core-columns-is-layout-28f84493 wp-block-columns-is-layout-flex\">\n<div class=\"wp-block-column has-border-color has-ast-global-color-4-border-color has-ast-global-color-4-background-color has-background is-layout-flow wp-block-column-is-layout-flow\" style=\"border-width:1px\">\n<p><\/p>\n\n\n\n<h4 class=\"wp-block-heading has-text-align-center\"><strong>Wanneer moet u uw systeem<\/strong> controleren ?<strong> ?<\/strong><\/h4>\n\n\n\n<p class=\"has-text-align-center\">Het wordt aanbevolen om uw installatie minstens \u00e9\u00e9n keer per jaar te controleren, of zodra er <strong>lekken, geuren of stilstaand water<\/strong>. Door regelmatig te controleren kunnen problemen snel worden opgespoord en blijft alles optimaal functioneren.<\/p>\n\n\n\n<p class=\"has-text-align-center\"><br><\/p>\n<\/div>\n\n\n\n<div class=\"wp-block-column has-white-background-color has-background is-layout-flow wp-block-column-is-layout-flow\" style=\"border-style:none;border-width:0px\">\n<p><\/p>\n\n\n\n<h4 class=\"wp-block-heading has-text-align-center\"><strong>Wat is een afvalwaterzuiveringssysteem?<\/strong><\/h4>\n\n\n\n<p class=\"has-text-align-center\">Sanering verwijst naar alle technieken die het mogelijk maken om&nbsp;<strong>afvalwater verzamelen, afvoeren en behandelen<\/strong>&nbsp;van een gebouw of terrein. Een goed ontworpen systeem beschermt uw eigendom tegen overstromingen, voorkomt vervuiling en garandeert de veiligheid en hygi\u00ebne.<\/p>\n\n\n\n<p class=\"has-text-align-center\"><br><\/p>\n<\/div>\n\n\n\n<div class=\"wp-block-column has-ast-global-color-4-background-color has-background is-layout-flow wp-block-column-is-layout-flow\">\n<p><\/p>\n\n\n\n<h4 class=\"wp-block-heading has-text-align-center\"><strong>Welke diensten omvat de sanering ?<\/strong><\/h4>\n\n\n\n<p class=\"has-text-align-center\">Onze diensten omvatten de installatie van <strong>afvoeren, septic tanks en afvoersystemen<\/strong>, evenals het onderhoud en de reparatie ervan. Elke ingreep wordt aangepast aan uw terrein en uitgevoerd volgens de Belgische normen om veiligheid en duurzaamheid te garanderen.<\/p>\n\n\n\n<p class=\"has-text-align-center\"><br><\/p>\n<\/div>\n<\/div>\n<\/div>\n<\/div><\/div>\n\n\n\n<div class=\"wp-block-uagb-container uagb-block-3496cc51 alignfull uagb-is-root-container\"><div class=\"uagb-container-inner-blocks-wrap\"><\/div><\/div>\n\n\n\n<div class=\"wp-block-uagb-container uagb-block-7417dd45 alignfull uagb-is-root-container\"><div class=\"uagb-container-inner-blocks-wrap\"><\/div><\/div>\n\n\n\n<div class=\"wp-block-uagb-container uagb-block-7c1a3e00 alignfull uagb-is-root-container\"><div class=\"uagb-container-inner-blocks-wrap\">\n<div class=\"wp-block-columns has-ast-global-color-4-background-color has-background is-layout-flex wp-container-core-columns-is-layout-28f84493 wp-block-columns-is-layout-flex\">\n<div class=\"wp-block-column is-layout-flow wp-block-column-is-layout-flow\">\n<p><\/p>\n\n\n\n<h4 class=\"wp-block-heading has-text-align-center\"><strong>Combien de temps dure un syst\u00e8me ?<\/strong><\/h4>\n\n\n\n<p class=\"has-text-align-center\">Een correct ge\u00efnstalleerd en onderhouden systeem kan lang meegaan <strong>meerdere decennia<\/strong>. Regelmatig preventief onderhoud en inspecties verlengen de levensduur en zorgen voor constante prestaties.<br><\/p>\n<\/div>\n\n\n\n<div class=\"wp-block-column has-ast-global-color-4-background-color has-background is-layout-flow wp-block-column-is-layout-flow\">\n<p><\/p>\n\n\n\n<h4 class=\"wp-block-heading has-text-align-center\"><strong>Wat te doen bij dringende problemen?<\/strong><\/h4>\n\n\n\n<p class=\"has-text-align-center\">In geval van <strong>stop, lek of slechte afvoer<\/strong>, is het essentieel om snel contact op te nemen met een professional. Een snelle interventie beperkt de schade, herstelt de normale werking en garandeert de veiligheid van uw eigendom.<br><\/p>\n<\/div>\n\n\n\n<div class=\"wp-block-column is-layout-flow wp-block-column-is-layout-flow\">\n<p><\/p>\n\n\n\n<h4 class=\"wp-block-heading has-text-align-center\"><strong>Waarom een professional inschakelen ?<\/strong><\/h4>\n\n\n\n<p class=\"has-text-align-center\">Een saneringsexpert garandeert <strong>een nauwkeurige analyse van het terrein, een correcte installatie en snelle interventies in geval van problemen<\/strong>, waardoor de betrouwbaarheid, veiligheid en duurzaamheid van uw installaties worden gegarandeerd en tegelijkertijd de Belgische normen worden nageleefd.<\/p>\n<\/div>\n<\/div>\n<\/div><\/div>\n\n\n\n<div class=\"wp-block-uagb-container uagb-block-7c6c70fa alignfull uagb-is-root-container\">\n<div data-aos= \"flip-down\" data-aos-duration=\"400\" data-aos-delay=\"0\" data-aos-easing=\"ease\" data-aos-once=\"true\" class=\"wp-block-uagb-container uagb-block-955ce554\"><\/div>\n\n\n\n<div data-aos= \"flip-down\" data-aos-duration=\"400\" data-aos-delay=\"0\" data-aos-easing=\"ease\" data-aos-once=\"true\" class=\"wp-block-uagb-container uagb-block-7fdb5a42\">\n<div class=\"wp-block-uagb-info-box uagb-block-0d58403c uagb-infobox__content-wrap  uagb-infobox-icon-above-title uagb-infobox-image-valign-top wp-block-uagb-info-box--has-margin\"><div class=\"uagb-infobox-margin-wrapper\"><div class=\"uagb-ifb-content\"><div class=\"uagb-ifb-title-wrap\"><h6 class=\"uagb-ifb-title-prefix\">Vraag uw gratis offerte aan<\/h6><h4 class=\"uagb-ifb-title\"><strong>Laat uw werk snel beoordelen<\/strong>.<br><\/h4><\/div><p class=\"uagb-ifb-desc\">Vul het onderstaande formulier in en ontvang snel een persoonlijke en gedetailleerde offerte voor uw saneringswerken. <\/p><div class=\"uagb-ifb-button-wrapper wp-block-button\"><a href=\"https:\/\/allproworks.be\/nl\/devis\/\" class=\"uagb-infobox-cta-link wp-block-button__link\" target=\"_self\" rel=\"noopener noreferrer\" onclick=\"return true;\"><span class=\"uagb-inline-editing\">Offerte aanvragen<\/span><\/a><\/div><\/div><\/div><\/div>\n<\/div>\n<\/div>\n\n\n\n<p><\/p>","protected":false},"excerpt":{"rendered":"<p>Quand v\u00e9rifier son syst\u00e8me d&rsquo;assainissement ? Il est recommand\u00e9 de contr\u00f4ler votre installation au moins une fois par an, ou d\u00e8s l\u2019apparition de fuites, odeurs ou stagnation d\u2019eau. Une v\u00e9rification r\u00e9guli\u00e8re permet de d\u00e9tecter rapidement les probl\u00e8mes et de maintenir un fonctionnement optimal. Qu\u2019est-ce qu&rsquo;un systeme d\u2019assainissement ? L\u2019assainissement d\u00e9signe l\u2019ensemble des techniques permettant de&nbsp;collecter, [&hellip;]<\/p>","protected":false},"author":1,"featured_media":0,"parent":0,"menu_order":0,"comment_status":"closed","ping_status":"closed","template":"","meta":{"_uag_custom_page_level_css":"","site-sidebar-layout":"default","site-content-layout":"","ast-site-content-layout":"default","site-content-style":"default","site-sidebar-style":"default","ast-global-header-display":"","ast-banner-title-visibility":"","ast-main-header-display":"","ast-hfb-above-header-display":"","ast-hfb-below-header-display":"","ast-hfb-mobile-header-display":"","site-post-title":"disabled","ast-breadcrumbs-content":"","ast-featured-img":"","footer-sml-layout":"","theme-transparent-header-meta":"","adv-header-id-meta":"","stick-header-meta":"","header-above-stick-meta":"","header-main-stick-meta":"","header-below-stick-meta":"","astra-migrate-meta-layouts":"set","ast-page-background-enabled":"default","ast-page-background-meta":{"desktop":{"background-color":"","background-image":"","background-repeat":"repeat","background-position":"center center","background-size":"auto","background-attachment":"scroll","background-type":"","background-media":"","overlay-type":"","overlay-color":"","overlay-opacity":"","overlay-gradient":""},"tablet":{"background-color":"","background-image":"","background-repeat":"repeat","background-position":"center center","background-size":"auto","background-attachment":"scroll","background-type":"","background-media":"","overlay-type":"","overlay-color":"","overlay-opacity":"","overlay-gradient":""},"mobile":{"background-color":"","background-image":"","background-repeat":"repeat","background-position":"center center","background-size":"auto","background-attachment":"scroll","background-type":"","background-media":"","overlay-type":"","overlay-color":"","overlay-opacity":"","overlay-gradient":""}},"ast-content-background-meta":{"desktop":{"background-color":"var(--ast-global-color-5)","background-image":"","background-repeat":"repeat","background-position":"center center","background-size":"auto","background-attachment":"scroll","background-type":"","background-media":"","overlay-type":"","overlay-color":"","overlay-opacity":"","overlay-gradient":""},"tablet":{"background-color":"var(--ast-global-color-5)","background-image":"","background-repeat":"repeat","background-position":"center center","background-size":"auto","background-attachment":"scroll","background-type":"","background-media":"","overlay-type":"","overlay-color":"","overlay-opacity":"","overlay-gradient":""},"mobile":{"background-color":"var(--ast-global-color-5)","background-image":"","background-repeat":"repeat","background-position":"center center","background-size":"auto","background-attachment":"scroll","background-type":"","background-media":"","overlay-type":"","overlay-color":"","overlay-opacity":"","overlay-gradient":""}},"footnotes":""},"class_list":["post-2427","page","type-page","status-publish","hentry"],"_hostinger_reach_plugin_has_subscription_block":false,"_hostinger_reach_plugin_is_elementor":false,"uagb_featured_image_src":{"full":false,"thumbnail":false,"medium":false,"medium_large":false,"large":false,"1536x1536":false,"2048x2048":false,"trp-custom-language-flag":false},"uagb_author_info":{"display_name":"Tsnm23","author_link":"https:\/\/allproworks.be\/nl\/author\/boualkmatasnimgmail-com\/"},"uagb_comment_info":0,"uagb_excerpt":"Quand v\u00e9rifier son syst\u00e8me d&rsquo;assainissement ? Il est recommand\u00e9 de contr\u00f4ler votre installation au moins une fois par an, ou d\u00e8s l\u2019apparition de fuites, odeurs ou stagnation d\u2019eau. Une v\u00e9rification r\u00e9guli\u00e8re permet de d\u00e9tecter rapidement les probl\u00e8mes et de maintenir un fonctionnement optimal. Qu\u2019est-ce qu&rsquo;un systeme d\u2019assainissement ? L\u2019assainissement d\u00e9signe l\u2019ensemble des techniques permettant de&nbsp;collecter,&hellip;","_links":{"self":[{"href":"https:\/\/allproworks.be\/nl\/wp-json\/wp\/v2\/pages\/2427","targetHints":{"allow":["GET"]}}],"collection":[{"href":"https:\/\/allproworks.be\/nl\/wp-json\/wp\/v2\/pages"}],"about":[{"href":"https:\/\/allproworks.be\/nl\/wp-json\/wp\/v2\/types\/page"}],"author":[{"embeddable":true,"href":"https:\/\/allproworks.be\/nl\/wp-json\/wp\/v2\/users\/1"}],"replies":[{"embeddable":true,"href":"https:\/\/allproworks.be\/nl\/wp-json\/wp\/v2\/comments?post=2427"}],"version-history":[{"count":71,"href":"https:\/\/allproworks.be\/nl\/wp-json\/wp\/v2\/pages\/2427\/revisions"}],"predecessor-version":[{"id":2786,"href":"https:\/\/allproworks.be\/nl\/wp-json\/wp\/v2\/pages\/2427\/revisions\/2786"}],"wp:attachment":[{"href":"https:\/\/allproworks.be\/nl\/wp-json\/wp\/v2\/media?parent=2427"}],"curies":[{"name":"wp","href":"https:\/\/api.w.org\/{rel}","templated":true}]}}